{"id":2916,"date":"2024-03-18T12:35:30","date_gmt":"2024-03-18T11:35:30","guid":{"rendered":"http:\/\/www.hotelvillacampomaggio.it\/bar\/"},"modified":"2025-11-17T12:59:59","modified_gmt":"2025-11-17T11:59:59","slug":"bar","status":"publish","type":"page","link":"https:\/\/www.hotelvillacampomaggio.it\/fr\/bar\/","title":{"rendered":"Bar"},"content":{"rendered":"\t\t<div data-elementor-type=\"wp-page\" data-elementor-id=\"2916\" class=\"elementor elementor-2916 elementor-1608\" data-elementor-post-type=\"page\">\n\t\t\t\t<div class=\"elementor-element elementor-element-47a8853c e-con-full e-flex e-con e-parent\" data-id=\"47a8853c\" data-element_type=\"container\">\n\t\t<div class=\"elementor-element elementor-element-17565af1 e-con-full e-flex e-con e-child\" data-id=\"17565af1\" data-element_type=\"container\" data-settings=\"{&quot;background_background&quot;:&quot;classic&quot;}\">\n\t\t\t\t<\/div>\n\t\t<div class=\"elementor-element elementor-element-8734fb e-con-full e-flex e-con e-child\" data-id=\"8734fb\" data-element_type=\"container\" data-settings=\"{&quot;background_background&quot;:&quot;classic&quot;}\">\n\t\t\t\t<div class=\"elementor-element elementor-element-12836e92 elementor-widget elementor-widget-heading\" data-id=\"12836e92\" data-element_type=\"widget\" data-widget_type=\"heading.default\">\n\t\t\t\t<div class=\"elementor-widget-container\">\n\t\t\t\t\t<h6 class=\"elementor-heading-title elementor-size-default\">HOTEL VILLA CAMPOMAGGIO<\/h6>\t\t\t\t<\/div>\n\t\t\t\t<\/div>\n\t\t\t\t<div class=\"elementor-element elementor-element-3fd0410 elementor-widget elementor-widget-heading\" data-id=\"3fd0410\" data-element_type=\"widget\" data-widget_type=\"heading.default\">\n\t\t\t\t<div class=\"elementor-widget-container\">\n\t\t\t\t\t<h1 class=\"elementor-heading-title elementor-size-default\">Wine Bar<\/h1>\t\t\t\t<\/div>\n\t\t\t\t<\/div>\n\t\t\t\t<div class=\"elementor-element elementor-element-edaf4b3 elementor-widget elementor-widget-spacer\" data-id=\"edaf4b3\" data-element_type=\"widget\" data-widget_type=\"spacer.default\">\n\t\t\t\t<div class=\"elementor-widget-container\">\n\t\t\t\t\t\t\t<div class=\"elementor-spacer\">\n\t\t\t<div class=\"elementor-spacer-inner\"><\/div>\n\t\t<\/div>\n\t\t\t\t\t\t<\/div>\n\t\t\t\t<\/div>\n\t\t\t\t<div class=\"elementor-element elementor-element-662ba29b elementor-widget elementor-widget-text-editor\" data-id=\"662ba29b\" data-element_type=\"widget\" data-settings=\"{&quot;_animation&quot;:&quot;none&quot;,&quot;_animation_delay&quot;:400}\" data-widget_type=\"text-editor.default\">\n\t\t\t\t<div class=\"elementor-widget-container\">\n\t\t\t\t\t\t\t\t\t<p>Notre Wine BAR est ouvert de 8h00 du matin jusqu&rsquo;\u00e0 23h30.<br data-start=\"97\" data-end=\"100\" \/>Vous y trouverez un large choix de boissons sans alcool et d&rsquo;excellents vins locaux, tels que le Chianti Classico, le Chianti Riserva et le Super Toscan IGT, ainsi que des vins blancs et ros\u00e9s, des cocktails, des long drinks et bien s\u00fbr une belle s\u00e9lection de bulles.<br data-start=\"367\" data-end=\"370\" data-is-only-node=\"\" \/>Ne manquez pas l\u2019occasion de d\u00e9guster un ap\u00e9ritif servi dans notre jardin, entour\u00e9 par la nature.<br data-start=\"467\" data-end=\"470\" \/>Pour le d\u00e9jeuner, notre Wine BAR vous propose un menu Light Lunch pr\u00e9par\u00e9 exclusivement avec des produits locaux de haute qualit\u00e9, comprenant des p\u00e2tes et pains faits maison par notre Ma\u00eetre P\u00e2tissier.<\/p>\t\t\t\t\t\t\t\t<\/div>\n\t\t\t\t<\/div>\n\t\t\t\t<\/div>\n\t\t\t\t<\/div>\n\t\t<div class=\"elementor-element elementor-element-5b485f6d e-flex e-con-boxed e-con e-parent\" data-id=\"5b485f6d\" data-element_type=\"container\">\n\t\t\t\t\t<div class=\"e-con-inner\">\n\t\t<div class=\"elementor-element elementor-element-5d898ae7 e-con-full e-flex e-con e-child\" data-id=\"5d898ae7\" data-element_type=\"container\">\n\t\t\t\t<div class=\"elementor-element elementor-element-44e316f7 elementor-widget elementor-widget-heading\" data-id=\"44e316f7\" data-element_type=\"widget\" data-widget_type=\"heading.default\">\n\t\t\t\t<div class=\"elementor-widget-container\">\n\t\t\t\t\t<h2 class=\"elementor-heading-title elementor-size-default\">Le petit d\u00e9jeuner<\/h2>\t\t\t\t<\/div>\n\t\t\t\t<\/div>\n\t\t\t\t<div class=\"elementor-element elementor-element-7113b2d9 elementor-widget elementor-widget-text-editor\" data-id=\"7113b2d9\" data-element_type=\"widget\" data-widget_type=\"text-editor.default\">\n\t\t\t\t<div class=\"elementor-widget-container\">\n\t\t\t\t\t\t\t\t\t<p>Le matin, \u00e0 votre r\u00e9veil, nous vous invitons \u00e0 savourer notre Petit-D\u00e9jeuner Buffet servi dans le Jardin.<br \/>Nous vous proposons toutes les p\u00e2tisseries et les produits de boulangerie r\u00e9alis\u00e9s par notre P\u00e2tissier selon la tradition, en utilisant des farines Pivetti de haute qualit\u00e9 : croissants, g\u00e2teaux, tartes, biscuits et diff\u00e9rents types de pain.<br \/>Vous pourrez les accompagner de confitures, yaourts, muesli et salade de fruits frais. Nos jus de fruits sont \u00e9galement frais et sans conservateurs.<\/p><p>Nous vous servirons du Caf\u00e9 Espresso Illy et des Cappuccinos.<\/p><p>Les h\u00f4tes qui pr\u00e9f\u00e8rent le sal\u00e9 peuvent opter pour le Petit-D\u00e9jeuner Am\u00e9ricain avec \u0153ufs et bacon, charcuterie, fromages et l\u00e9gumes de saison.<br \/>Des produits sans gluten sont \u00e9galement disponibles.<\/p><p>Petit-d\u00e9jeuner inclus dans le prix de la chambre si vous r\u00e9servez sur ce site<\/p><p><strong>Le petit-d\u00e9jeuner est servi de 8h00 \u00e0 10h00.<\/strong><\/p>\t\t\t\t\t\t\t\t<\/div>\n\t\t\t\t<\/div>\n\t\t\t\t<\/div>\n\t\t<div class=\"elementor-element elementor-element-744257d2 e-con-full e-flex e-con e-child\" data-id=\"744257d2\" data-element_type=\"container\" data-settings=\"{&quot;background_background&quot;:&quot;slideshow&quot;,&quot;background_slideshow_gallery&quot;:[{&quot;id&quot;:2243,&quot;url&quot;:&quot;http:\\\/\\\/www.hotelvillacampomaggio.it\\\/wp-content\\\/uploads\\\/2024\\\/04\\\/IMG_2649.jpg&quot;},{&quot;id&quot;:2247,&quot;url&quot;:&quot;http:\\\/\\\/www.hotelvillacampomaggio.it\\\/wp-content\\\/uploads\\\/2024\\\/04\\\/IMG_2657.jpg&quot;},{&quot;id&quot;:2251,&quot;url&quot;:&quot;http:\\\/\\\/www.hotelvillacampomaggio.it\\\/wp-content\\\/uploads\\\/2024\\\/04\\\/IMG_2660.jpg&quot;},{&quot;id&quot;:2255,&quot;url&quot;:&quot;http:\\\/\\\/www.hotelvillacampomaggio.it\\\/wp-content\\\/uploads\\\/2024\\\/04\\\/IMG_2661.jpg&quot;}],&quot;background_slideshow_loop&quot;:&quot;yes&quot;,&quot;background_slideshow_slide_duration&quot;:5000,&quot;background_slideshow_slide_transition&quot;:&quot;fade&quot;,&quot;background_slideshow_transition_duration&quot;:500}\">\n\t\t\t\t<\/div>\n\t\t\t\t\t<\/div>\n\t\t\t\t<\/div>\n\t\t<div class=\"elementor-element elementor-element-2ca7d39 e-flex e-con-boxed e-con e-parent\" data-id=\"2ca7d39\" data-element_type=\"container\" data-settings=\"{&quot;background_background&quot;:&quot;classic&quot;}\">\n\t\t\t\t\t<div class=\"e-con-inner\">\n\t\t<div class=\"elementor-element elementor-element-344a676 e-con-full e-flex e-con e-child\" data-id=\"344a676\" data-element_type=\"container\" data-settings=\"{&quot;background_background&quot;:&quot;classic&quot;}\">\n\t\t\t\t<\/div>\n\t\t<div class=\"elementor-element elementor-element-782ade3 e-con-full e-flex e-con e-child\" data-id=\"782ade3\" data-element_type=\"container\">\n\t\t\t\t<div class=\"elementor-element elementor-element-1cd69a9 elementor-widget elementor-widget-heading\" data-id=\"1cd69a9\" data-element_type=\"widget\" data-widget_type=\"heading.default\">\n\t\t\t\t<div class=\"elementor-widget-container\">\n\t\t\t\t\t<h2 class=\"elementor-heading-title elementor-size-default\">Light Lunch<\/h2>\t\t\t\t<\/div>\n\t\t\t\t<\/div>\n\t\t\t\t<div class=\"elementor-element elementor-element-de3a037 elementor-widget elementor-widget-text-editor\" data-id=\"de3a037\" data-element_type=\"widget\" data-widget_type=\"text-editor.default\">\n\t\t\t\t<div class=\"elementor-widget-container\">\n\t\t\t\t\t\t\t\t\tNous vous offrons la possibilit\u00e9 de d\u00e9jeuner \u00e0 l\u2019h\u00f4tel, dans notre Wine BAR.\nLe menu Light Lunch est propos\u00e9 de 12h20 \u00e0 14h30.\nNous servons des plats l\u00e9gers et savoureux issus de la tradition toscane, pr\u00e9par\u00e9s uniquement avec des produits locaux de haute qualit\u00e9 provenant des meilleures petites entreprises alimentaires du Chianti.\t\t\t\t\t\t\t\t<\/div>\n\t\t\t\t<\/div>\n\t\t\t\t<\/div>\n\t\t\t\t\t<\/div>\n\t\t\t\t<\/div>\n\t\t<div class=\"elementor-element elementor-element-c046b28 e-flex e-con-boxed e-con e-parent\" data-id=\"c046b28\" data-element_type=\"container\">\n\t\t\t\t\t<div class=\"e-con-inner\">\n\t\t<div class=\"elementor-element elementor-element-317c045 e-con-full e-flex e-con e-child\" data-id=\"317c045\" data-element_type=\"container\">\n\t\t\t\t<div class=\"elementor-element elementor-element-558bb14 elementor-widget elementor-widget-heading\" data-id=\"558bb14\" data-element_type=\"widget\" data-widget_type=\"heading.default\">\n\t\t\t\t<div class=\"elementor-widget-container\">\n\t\t\t\t\t<h2 class=\"elementor-heading-title elementor-size-default\">Ap\u00e9ritif<\/h2>\t\t\t\t<\/div>\n\t\t\t\t<\/div>\n\t\t\t\t<div class=\"elementor-element elementor-element-11a0cce elementor-widget elementor-widget-text-editor\" data-id=\"11a0cce\" data-element_type=\"widget\" data-widget_type=\"text-editor.default\">\n\t\t\t\t<div class=\"elementor-widget-container\">\n\t\t\t\t\t\t\t\t\tChaque apr\u00e8s-midi dans notre BAR, nous servons un ap\u00e9ritif accompagn\u00e9 de finger food.\nVous pouvez choisir parmi plusieurs boissons: un cocktail, un prosecco ou go\u00fbter un des fantastiques Chianti Classico Vins rouges. Nous avons s\u00e9lectionn\u00e9 pour vous les meilleures \u00e9tiquettes de notre r\u00e9gion! Vin blanc et ros\u00e9 ne manqueront pas!\n\t\t\t\t\t\t\t\t<\/div>\n\t\t\t\t<\/div>\n\t\t\t\t<\/div>\n\t\t<div class=\"elementor-element elementor-element-08914e8 e-con-full e-flex e-con e-child\" data-id=\"08914e8\" data-element_type=\"container\" data-settings=\"{&quot;background_background&quot;:&quot;classic&quot;}\">\n\t\t\t\t<\/div>\n\t\t\t\t\t<\/div>\n\t\t\t\t<\/div>\n\t\t<div class=\"elementor-element elementor-element-e9bea0a e-flex e-con-boxed e-con e-parent\" data-id=\"e9bea0a\" data-element_type=\"container\">\n\t\t\t\t\t<div class=\"e-con-inner\">\n\t\t\t\t<div class=\"elementor-element elementor-element-bcd44c8 stessa elementor-arrows-position-inside elementor-widget elementor-widget-image-carousel\" data-id=\"bcd44c8\" data-element_type=\"widget\" data-settings=\"{&quot;navigation&quot;:&quot;arrows&quot;,&quot;autoplay&quot;:&quot;yes&quot;,&quot;pause_on_hover&quot;:&quot;yes&quot;,&quot;pause_on_interaction&quot;:&quot;yes&quot;,&quot;autoplay_speed&quot;:5000,&quot;infinite&quot;:&quot;yes&quot;,&quot;speed&quot;:500}\" data-widget_type=\"image-carousel.default\">\n\t\t\t\t<div class=\"elementor-widget-container\">\n\t\t\t\t\t\t\t<div class=\"elementor-image-carousel-wrapper swiper\" role=\"region\" aria-roledescription=\"carousel\" aria-label=\"Carosello d&#039;immagini\" dir=\"ltr\">\n\t\t\t<div class=\"elementor-image-carousel swiper-wrapper\" aria-live=\"off\">\n\t\t\t\t\t\t\t\t<div class=\"swiper-slide\" role=\"group\" aria-roledescription=\"slide\" aria-label=\"1 sur 4\"><a data-elementor-open-lightbox=\"yes\" data-elementor-lightbox-slideshow=\"bcd44c8\" data-elementor-lightbox-title=\"IMG_2566\" data-e-action-hash=\"#elementor-action%3Aaction%3Dlightbox%26settings%3DeyJpZCI6MjIzNywidXJsIjoiaHR0cHM6XC9cL3d3dy5ob3RlbHZpbGxhY2FtcG9tYWdnaW8uaXRcL3dwLWNvbnRlbnRcL3VwbG9hZHNcLzIwMjRcLzA0XC9JTUdfMjU2Ni5qcGciLCJzbGlkZXNob3ciOiJiY2Q0NGM4In0%3D\" href=\"https:\/\/www.hotelvillacampomaggio.it\/wp-content\/uploads\/2024\/04\/IMG_2566.jpg\"><figure class=\"swiper-slide-inner\"><img decoding=\"async\" class=\"swiper-slide-image lazyload\" data-src=\"https:\/\/www.hotelvillacampomaggio.it\/wp-content\/uploads\/2024\/04\/IMG_2566.jpg\" alt=\"IMG_2566\" src=\"data:image\/svg+xml;base64,PHN2ZyB3aWR0aD0iMSIgaGVpZ2h0PSIxIiB4bWxucz0iaHR0cDovL3d3dy53My5vcmcvMjAwMC9zdmciPjwvc3ZnPg==\" style=\"--smush-placeholder-width: 1920px; --smush-placeholder-aspect-ratio: 1920\/1291;\" \/><\/figure><\/a><\/div><div class=\"swiper-slide\" role=\"group\" aria-roledescription=\"slide\" aria-label=\"2 sur 4\"><a data-elementor-open-lightbox=\"yes\" data-elementor-lightbox-slideshow=\"bcd44c8\" data-elementor-lightbox-title=\"IMG_2522\" data-e-action-hash=\"#elementor-action%3Aaction%3Dlightbox%26settings%3DeyJpZCI6MjIyOSwidXJsIjoiaHR0cHM6XC9cL3d3dy5ob3RlbHZpbGxhY2FtcG9tYWdnaW8uaXRcL3dwLWNvbnRlbnRcL3VwbG9hZHNcLzIwMjRcLzA0XC9JTUdfMjUyMi5qcGciLCJzbGlkZXNob3ciOiJiY2Q0NGM4In0%3D\" href=\"https:\/\/www.hotelvillacampomaggio.it\/wp-content\/uploads\/2024\/04\/IMG_2522.jpg\"><figure class=\"swiper-slide-inner\"><img decoding=\"async\" class=\"swiper-slide-image lazyload\" data-src=\"https:\/\/www.hotelvillacampomaggio.it\/wp-content\/uploads\/2024\/04\/IMG_2522.jpg\" alt=\"IMG_2522\" src=\"data:image\/svg+xml;base64,PHN2ZyB3aWR0aD0iMSIgaGVpZ2h0PSIxIiB4bWxucz0iaHR0cDovL3d3dy53My5vcmcvMjAwMC9zdmciPjwvc3ZnPg==\" style=\"--smush-placeholder-width: 1920px; --smush-placeholder-aspect-ratio: 1920\/1280;\" \/><\/figure><\/a><\/div><div class=\"swiper-slide\" role=\"group\" aria-roledescription=\"slide\" aria-label=\"3 sur 4\"><a data-elementor-open-lightbox=\"yes\" data-elementor-lightbox-slideshow=\"bcd44c8\" data-elementor-lightbox-title=\"IMG_2517\" data-e-action-hash=\"#elementor-action%3Aaction%3Dlightbox%26settings%3DeyJpZCI6MjIyNSwidXJsIjoiaHR0cHM6XC9cL3d3dy5ob3RlbHZpbGxhY2FtcG9tYWdnaW8uaXRcL3dwLWNvbnRlbnRcL3VwbG9hZHNcLzIwMjRcLzA0XC9JTUdfMjUxNy5qcGciLCJzbGlkZXNob3ciOiJiY2Q0NGM4In0%3D\" href=\"https:\/\/www.hotelvillacampomaggio.it\/wp-content\/uploads\/2024\/04\/IMG_2517.jpg\"><figure class=\"swiper-slide-inner\"><img decoding=\"async\" class=\"swiper-slide-image lazyload\" data-src=\"https:\/\/www.hotelvillacampomaggio.it\/wp-content\/uploads\/2024\/04\/IMG_2517.jpg\" alt=\"IMG_2517\" src=\"data:image\/svg+xml;base64,PHN2ZyB3aWR0aD0iMSIgaGVpZ2h0PSIxIiB4bWxucz0iaHR0cDovL3d3dy53My5vcmcvMjAwMC9zdmciPjwvc3ZnPg==\" style=\"--smush-placeholder-width: 1920px; --smush-placeholder-aspect-ratio: 1920\/1280;\" \/><\/figure><\/a><\/div><div class=\"swiper-slide\" role=\"group\" aria-roledescription=\"slide\" aria-label=\"4 sur 4\"><a data-elementor-open-lightbox=\"yes\" data-elementor-lightbox-slideshow=\"bcd44c8\" data-elementor-lightbox-title=\"IMG_2759-HDR\" data-e-action-hash=\"#elementor-action%3Aaction%3Dlightbox%26settings%3DeyJpZCI6MjI2NSwidXJsIjoiaHR0cHM6XC9cL3d3dy5ob3RlbHZpbGxhY2FtcG9tYWdnaW8uaXRcL3dwLWNvbnRlbnRcL3VwbG9hZHNcLzIwMjRcLzA0XC9JTUdfMjc1OS1IRFIuanBnIiwic2xpZGVzaG93IjoiYmNkNDRjOCJ9\" href=\"https:\/\/www.hotelvillacampomaggio.it\/wp-content\/uploads\/2024\/04\/IMG_2759-HDR.jpg\"><figure class=\"swiper-slide-inner\"><img decoding=\"async\" class=\"swiper-slide-image lazyload\" data-src=\"https:\/\/www.hotelvillacampomaggio.it\/wp-content\/uploads\/2024\/04\/IMG_2759-HDR.jpg\" alt=\"IMG_2759-HDR\" src=\"data:image\/svg+xml;base64,PHN2ZyB3aWR0aD0iMSIgaGVpZ2h0PSIxIiB4bWxucz0iaHR0cDovL3d3dy53My5vcmcvMjAwMC9zdmciPjwvc3ZnPg==\" style=\"--smush-placeholder-width: 1920px; --smush-placeholder-aspect-ratio: 1920\/1280;\" \/><\/figure><\/a><\/div>\t\t\t<\/div>\n\t\t\t\t\t\t\t\t\t\t\t\t<div class=\"elementor-swiper-button elementor-swiper-button-prev\" role=\"button\" tabindex=\"0\">\n\t\t\t\t\t\t<svg aria-hidden=\"true\" class=\"e-font-icon-svg e-eicon-chevron-left\" viewBox=\"0 0 1000 1000\" xmlns=\"http:\/\/www.w3.org\/2000\/svg\"><path d=\"M646 125C629 125 613 133 604 142L308 442C296 454 292 471 292 487 292 504 296 521 308 533L604 854C617 867 629 875 646 875 663 875 679 871 692 858 704 846 713 829 713 812 713 796 708 779 692 767L438 487 692 225C700 217 708 204 708 187 708 171 704 154 692 142 675 129 663 125 646 125Z\"><\/path><\/svg>\t\t\t\t\t<\/div>\n\t\t\t\t\t<div class=\"elementor-swiper-button elementor-swiper-button-next\" role=\"button\" tabindex=\"0\">\n\t\t\t\t\t\t<svg aria-hidden=\"true\" class=\"e-font-icon-svg e-eicon-chevron-right\" viewBox=\"0 0 1000 1000\" xmlns=\"http:\/\/www.w3.org\/2000\/svg\"><path d=\"M696 533C708 521 713 504 713 487 713 471 708 454 696 446L400 146C388 133 375 125 354 125 338 125 325 129 313 142 300 154 292 171 292 187 292 204 296 221 308 233L563 492 304 771C292 783 288 800 288 817 288 833 296 850 308 863 321 871 338 875 354 875 371 875 388 867 400 854L696 533Z\"><\/path><\/svg>\t\t\t\t\t<\/div>\n\t\t\t\t\n\t\t\t\t\t\t\t\t\t<\/div>\n\t\t\t\t\t\t<\/div>\n\t\t\t\t<\/div>\n\t\t\t\t\t<\/div>\n\t\t\t\t<\/div>\n\t\t\t\t<\/div>\n\t\t","protected":false},"excerpt":{"rendered":"<p>HOTEL VILLA CAMPOMAGGIO Wine Bar Notre Wine BAR est ouvert de 8h00 du matin jusqu&rsquo;\u00e0 23h30.Vous y trouverez un large choix de boissons sans alcool et d&rsquo;excellents vins locaux, tels que le Chianti Classico, le Chianti Riserva et le Super Toscan IGT, ainsi que des vins blancs et ros\u00e9s, des cocktails, des long drinks et [&hellip;]<\/p>\n","protected":false},"author":1,"featured_media":0,"parent":0,"menu_order":0,"comment_status":"closed","ping_status":"closed","template":"elementor_header_footer","meta":{"iawp_total_views":109,"footnotes":""},"class_list":["post-2916","page","type-page","status-publish","hentry"],"yoast_head":"<!-- This site is optimized with the Yoast SEO plugin v25.3.1 - https:\/\/yoast.com\/wordpress\/plugins\/seo\/ -->\n<title>Bar - Hotel Villa Campomaggio<\/title>\n<meta name=\"description\" content=\"D\u00e9couvrez le Wine Bar de l&#039;H\u00f4tel Villa Campomaggio : vins locaux, d\u00e9licieux plats toscans, petit-d\u00e9jeuner copieux et ap\u00e9ritifs savoureux. Ouvert de 8h00 \u00e0 23h30.\" \/>\n<meta name=\"robots\" content=\"index, follow, max-snippet:-1, max-image-preview:large, max-video-preview:-1\" \/>\n<link rel=\"canonical\" href=\"https:\/\/www.hotelvillacampomaggio.it\/bar\/\" \/>\n<meta property=\"og:locale\" content=\"fr_FR\" \/>\n<meta property=\"og:type\" content=\"article\" \/>\n<meta property=\"og:title\" content=\"Bar - Hotel Villa Campomaggio\" \/>\n<meta property=\"og:description\" content=\"D\u00e9couvrez le Wine Bar de l&#039;H\u00f4tel Villa Campomaggio : vins locaux, d\u00e9licieux plats toscans, petit-d\u00e9jeuner copieux et ap\u00e9ritifs savoureux. Ouvert de 8h00 \u00e0 23h30.\" \/>\n<meta property=\"og:url\" content=\"https:\/\/www.hotelvillacampomaggio.it\/bar\/\" \/>\n<meta property=\"og:site_name\" content=\"Hotel Villa Campomaggio\" \/>\n<meta property=\"article:publisher\" content=\"https:\/\/www.facebook.com\/HotelVillaCampomaggio\" \/>\n<meta property=\"article:modified_time\" content=\"2025-11-17T11:59:59+00:00\" \/>\n<meta property=\"og:image\" content=\"https:\/\/www.hotelvillacampomaggio.it\/wp-content\/uploads\/2024\/04\/IMG_2566.jpg\" \/>\n<meta name=\"twitter:card\" content=\"summary_large_image\" \/>\n<meta name=\"twitter:label1\" content=\"Dur\u00e9e de lecture estim\u00e9e\" \/>\n\t<meta name=\"twitter:data1\" content=\"4 minutes\" \/>\n<script type=\"application\/ld+json\" class=\"yoast-schema-graph\">{\"@context\":\"https:\/\/schema.org\",\"@graph\":[{\"@type\":\"WebPage\",\"@id\":\"https:\/\/www.hotelvillacampomaggio.it\/bar\/\",\"url\":\"https:\/\/www.hotelvillacampomaggio.it\/bar\/\",\"name\":\"Bar - Hotel Villa Campomaggio\",\"isPartOf\":{\"@id\":\"https:\/\/www.hotelvillacampomaggio.it\/#website\"},\"primaryImageOfPage\":{\"@id\":\"https:\/\/www.hotelvillacampomaggio.it\/bar\/#primaryimage\"},\"image\":{\"@id\":\"https:\/\/www.hotelvillacampomaggio.it\/bar\/#primaryimage\"},\"thumbnailUrl\":\"https:\/\/www.hotelvillacampomaggio.it\/wp-content\/uploads\/2024\/04\/IMG_2566.jpg\",\"datePublished\":\"2024-03-18T11:35:30+00:00\",\"dateModified\":\"2025-11-17T11:59:59+00:00\",\"description\":\"D\u00e9couvrez le Wine Bar de l'H\u00f4tel Villa Campomaggio : vins locaux, d\u00e9licieux plats toscans, petit-d\u00e9jeuner copieux et ap\u00e9ritifs savoureux. Ouvert de 8h00 \u00e0 23h30.\",\"breadcrumb\":{\"@id\":\"https:\/\/www.hotelvillacampomaggio.it\/bar\/#breadcrumb\"},\"inLanguage\":\"fr-FR\",\"potentialAction\":[{\"@type\":\"ReadAction\",\"target\":[\"https:\/\/www.hotelvillacampomaggio.it\/bar\/\"]}]},{\"@type\":\"ImageObject\",\"inLanguage\":\"fr-FR\",\"@id\":\"https:\/\/www.hotelvillacampomaggio.it\/bar\/#primaryimage\",\"url\":\"https:\/\/www.hotelvillacampomaggio.it\/wp-content\/uploads\/2024\/04\/IMG_2566.jpg\",\"contentUrl\":\"https:\/\/www.hotelvillacampomaggio.it\/wp-content\/uploads\/2024\/04\/IMG_2566.jpg\"},{\"@type\":\"BreadcrumbList\",\"@id\":\"https:\/\/www.hotelvillacampomaggio.it\/bar\/#breadcrumb\",\"itemListElement\":[{\"@type\":\"ListItem\",\"position\":1,\"name\":\"Home\",\"item\":\"https:\/\/www.hotelvillacampomaggio.it\/\"},{\"@type\":\"ListItem\",\"position\":2,\"name\":\"Bar\"}]},{\"@type\":\"WebSite\",\"@id\":\"https:\/\/www.hotelvillacampomaggio.it\/#website\",\"url\":\"https:\/\/www.hotelvillacampomaggio.it\/\",\"name\":\"Hotel Villa Campomaggio\",\"description\":\"\",\"publisher\":{\"@id\":\"https:\/\/www.hotelvillacampomaggio.it\/#organization\"},\"potentialAction\":[{\"@type\":\"SearchAction\",\"target\":{\"@type\":\"EntryPoint\",\"urlTemplate\":\"https:\/\/www.hotelvillacampomaggio.it\/?s={search_term_string}\"},\"query-input\":{\"@type\":\"PropertyValueSpecification\",\"valueRequired\":true,\"valueName\":\"search_term_string\"}}],\"inLanguage\":\"fr-FR\"},{\"@type\":\"Organization\",\"@id\":\"https:\/\/www.hotelvillacampomaggio.it\/#organization\",\"name\":\"Hotel Villa Campomaggio\",\"url\":\"https:\/\/www.hotelvillacampomaggio.it\/\",\"logo\":{\"@type\":\"ImageObject\",\"inLanguage\":\"fr-FR\",\"@id\":\"https:\/\/www.hotelvillacampomaggio.it\/#\/schema\/logo\/image\/\",\"url\":\"https:\/\/www.hotelvillacampomaggio.it\/wp-content\/uploads\/2024\/05\/cropped-LOGO-PNG.png\",\"contentUrl\":\"https:\/\/www.hotelvillacampomaggio.it\/wp-content\/uploads\/2024\/05\/cropped-LOGO-PNG.png\",\"width\":512,\"height\":512,\"caption\":\"Hotel Villa Campomaggio\"},\"image\":{\"@id\":\"https:\/\/www.hotelvillacampomaggio.it\/#\/schema\/logo\/image\/\"},\"sameAs\":[\"https:\/\/www.facebook.com\/HotelVillaCampomaggio\",\"https:\/\/www.instagram.com\/hotelvillacampomaggio\/\",\"https:\/\/www.youtube.com\/@VillaCampomaggiohotel\"]}]}<\/script>\n<!-- \/ Yoast SEO plugin. -->","yoast_head_json":{"title":"Bar - Hotel Villa Campomaggio","description":"D\u00e9couvrez le Wine Bar de l'H\u00f4tel Villa Campomaggio : vins locaux, d\u00e9licieux plats toscans, petit-d\u00e9jeuner copieux et ap\u00e9ritifs savoureux. Ouvert de 8h00 \u00e0 23h30.","robots":{"index":"index","follow":"follow","max-snippet":"max-snippet:-1","max-image-preview":"max-image-preview:large","max-video-preview":"max-video-preview:-1"},"canonical":"https:\/\/www.hotelvillacampomaggio.it\/bar\/","og_locale":"fr_FR","og_type":"article","og_title":"Bar - Hotel Villa Campomaggio","og_description":"D\u00e9couvrez le Wine Bar de l'H\u00f4tel Villa Campomaggio : vins locaux, d\u00e9licieux plats toscans, petit-d\u00e9jeuner copieux et ap\u00e9ritifs savoureux. Ouvert de 8h00 \u00e0 23h30.","og_url":"https:\/\/www.hotelvillacampomaggio.it\/bar\/","og_site_name":"Hotel Villa Campomaggio","article_publisher":"https:\/\/www.facebook.com\/HotelVillaCampomaggio","article_modified_time":"2025-11-17T11:59:59+00:00","og_image":[{"url":"https:\/\/www.hotelvillacampomaggio.it\/wp-content\/uploads\/2024\/04\/IMG_2566.jpg","type":"","width":"","height":""}],"twitter_card":"summary_large_image","twitter_misc":{"Dur\u00e9e de lecture estim\u00e9e":"4 minutes"},"schema":{"@context":"https:\/\/schema.org","@graph":[{"@type":"WebPage","@id":"https:\/\/www.hotelvillacampomaggio.it\/bar\/","url":"https:\/\/www.hotelvillacampomaggio.it\/bar\/","name":"Bar - Hotel Villa Campomaggio","isPartOf":{"@id":"https:\/\/www.hotelvillacampomaggio.it\/#website"},"primaryImageOfPage":{"@id":"https:\/\/www.hotelvillacampomaggio.it\/bar\/#primaryimage"},"image":{"@id":"https:\/\/www.hotelvillacampomaggio.it\/bar\/#primaryimage"},"thumbnailUrl":"https:\/\/www.hotelvillacampomaggio.it\/wp-content\/uploads\/2024\/04\/IMG_2566.jpg","datePublished":"2024-03-18T11:35:30+00:00","dateModified":"2025-11-17T11:59:59+00:00","description":"D\u00e9couvrez le Wine Bar de l'H\u00f4tel Villa Campomaggio : vins locaux, d\u00e9licieux plats toscans, petit-d\u00e9jeuner copieux et ap\u00e9ritifs savoureux. Ouvert de 8h00 \u00e0 23h30.","breadcrumb":{"@id":"https:\/\/www.hotelvillacampomaggio.it\/bar\/#breadcrumb"},"inLanguage":"fr-FR","potentialAction":[{"@type":"ReadAction","target":["https:\/\/www.hotelvillacampomaggio.it\/bar\/"]}]},{"@type":"ImageObject","inLanguage":"fr-FR","@id":"https:\/\/www.hotelvillacampomaggio.it\/bar\/#primaryimage","url":"https:\/\/www.hotelvillacampomaggio.it\/wp-content\/uploads\/2024\/04\/IMG_2566.jpg","contentUrl":"https:\/\/www.hotelvillacampomaggio.it\/wp-content\/uploads\/2024\/04\/IMG_2566.jpg"},{"@type":"BreadcrumbList","@id":"https:\/\/www.hotelvillacampomaggio.it\/bar\/#breadcrumb","itemListElement":[{"@type":"ListItem","position":1,"name":"Home","item":"https:\/\/www.hotelvillacampomaggio.it\/"},{"@type":"ListItem","position":2,"name":"Bar"}]},{"@type":"WebSite","@id":"https:\/\/www.hotelvillacampomaggio.it\/#website","url":"https:\/\/www.hotelvillacampomaggio.it\/","name":"Hotel Villa Campomaggio","description":"","publisher":{"@id":"https:\/\/www.hotelvillacampomaggio.it\/#organization"},"potentialAction":[{"@type":"SearchAction","target":{"@type":"EntryPoint","urlTemplate":"https:\/\/www.hotelvillacampomaggio.it\/?s={search_term_string}"},"query-input":{"@type":"PropertyValueSpecification","valueRequired":true,"valueName":"search_term_string"}}],"inLanguage":"fr-FR"},{"@type":"Organization","@id":"https:\/\/www.hotelvillacampomaggio.it\/#organization","name":"Hotel Villa Campomaggio","url":"https:\/\/www.hotelvillacampomaggio.it\/","logo":{"@type":"ImageObject","inLanguage":"fr-FR","@id":"https:\/\/www.hotelvillacampomaggio.it\/#\/schema\/logo\/image\/","url":"https:\/\/www.hotelvillacampomaggio.it\/wp-content\/uploads\/2024\/05\/cropped-LOGO-PNG.png","contentUrl":"https:\/\/www.hotelvillacampomaggio.it\/wp-content\/uploads\/2024\/05\/cropped-LOGO-PNG.png","width":512,"height":512,"caption":"Hotel Villa Campomaggio"},"image":{"@id":"https:\/\/www.hotelvillacampomaggio.it\/#\/schema\/logo\/image\/"},"sameAs":["https:\/\/www.facebook.com\/HotelVillaCampomaggio","https:\/\/www.instagram.com\/hotelvillacampomaggio\/","https:\/\/www.youtube.com\/@VillaCampomaggiohotel"]}]}},"_links":{"self":[{"href":"https:\/\/www.hotelvillacampomaggio.it\/fr\/wp-json\/wp\/v2\/pages\/2916","targetHints":{"allow":["GET"]}}],"collection":[{"href":"https:\/\/www.hotelvillacampomaggio.it\/fr\/wp-json\/wp\/v2\/pages"}],"about":[{"href":"https:\/\/www.hotelvillacampomaggio.it\/fr\/wp-json\/wp\/v2\/types\/page"}],"author":[{"embeddable":true,"href":"https:\/\/www.hotelvillacampomaggio.it\/fr\/wp-json\/wp\/v2\/users\/1"}],"replies":[{"embeddable":true,"href":"https:\/\/www.hotelvillacampomaggio.it\/fr\/wp-json\/wp\/v2\/comments?post=2916"}],"version-history":[{"count":24,"href":"https:\/\/www.hotelvillacampomaggio.it\/fr\/wp-json\/wp\/v2\/pages\/2916\/revisions"}],"predecessor-version":[{"id":9668,"href":"https:\/\/www.hotelvillacampomaggio.it\/fr\/wp-json\/wp\/v2\/pages\/2916\/revisions\/9668"}],"wp:attachment":[{"href":"https:\/\/www.hotelvillacampomaggio.it\/fr\/wp-json\/wp\/v2\/media?parent=2916"}],"curies":[{"name":"wp","href":"https:\/\/api.w.org\/{rel}","templated":true}]}}